{"id":12244,"date":"2021-03-11T08:47:41","date_gmt":"2021-03-11T08:47:41","guid":{"rendered":"https:\/\/www.nestorfactory-gdp.r2agency.dev\/aventure-nestor\/nos-partenaires\/"},"modified":"2022-10-03T18:55:22","modified_gmt":"2022-10-03T18:55:22","slug":"nos-partenaires","status":"publish","type":"page","link":"https:\/\/nestor.agencer2.com\/en\/aventure-nestor\/nos-partenaires\/","title":{"rendered":"Our partners"},"content":{"rendered":"<p><b>Our success is also due to our network of partners!<\/b><\/p>\n<p><span style=\"font-weight: 400;\">At NESTOR we choose our collaborations carefully. We favour French companies that have adopted ethical ecological approaches. We&#8217;ve also developed a network of resellers and rental companies, in France and internationally, who showcase Nestor products.<\/span><\/p>\n<p>&nbsp;<\/p>\n","protected":false},"excerpt":{"rendered":"Our success is also due to our network of partners! At NESTOR we choose our collaborations carefully. We favour French companies that have adopted ethical ecological approaches. We&#8217;ve also developed a network of resellers and rental companies, in France and internationally, who showcase Nestor products. &nbsp;","protected":false},"author":1,"featured_media":7639,"parent":12231,"menu_order":0,"comment_status":"closed","ping_status":"closed","template":"templates\/partenaires-revendeurs.php","meta":{"_acf_changed":false,"inline_featured_image":false,"footnotes":""},"class_list":["post-12244","page","type-page","status-publish","has-post-thumbnail","hentry"],"acf":[],"yoast_head":"<!-- This site is optimized with the Yoast SEO plugin v25.2 - https:\/\/yoast.com\/wordpress\/plugins\/seo\/ -->\n<title>Nestor | Our partners<\/title>\n<meta name=\"description\" content=\"Depuis 2014, Nestor Factory est le partenaire r\u00e9gie pour vos tournages, partout en France. D\u00e9couvrez nos 700 r\u00e9f\u00e9rences et nos propres produits innovants.\" \/>\n<meta name=\"robots\" content=\"noindex, follow, max-snippet:-1, max-image-preview:large, max-video-preview:-1\" \/>\n<meta property=\"og:locale\" content=\"en_US\" \/>\n<meta property=\"og:type\" content=\"article\" \/>\n<meta property=\"og:title\" content=\"Nestor | Our partners\" \/>\n<meta property=\"og:description\" content=\"Depuis 2014, Nestor Factory est le partenaire r\u00e9gie pour vos tournages, partout en France. D\u00e9couvrez nos 700 r\u00e9f\u00e9rences et nos propres produits innovants.\" \/>\n<meta property=\"og:url\" content=\"https:\/\/nestor.agencer2.com\/en\/aventure-nestor\/nos-partenaires\/\" \/>\n<meta property=\"og:site_name\" content=\"Nestor\" \/>\n<meta property=\"article:modified_time\" content=\"2022-10-03T18:55:22+00:00\" \/>\n<meta property=\"og:image\" content=\"https:\/\/nestor.agencer2.com\/app\/uploads\/2021\/11\/partenaires_03.jpg\" \/>\n\t<meta property=\"og:image:width\" content=\"1000\" \/>\n\t<meta property=\"og:image:height\" content=\"1000\" \/>\n\t<meta property=\"og:image:type\" content=\"image\/jpeg\" \/>\n<meta name=\"twitter:card\" content=\"summary_large_image\" \/>\n<script type=\"application\/ld+json\" class=\"yoast-schema-graph\">{\"@context\":\"https:\/\/schema.org\",\"@graph\":[{\"@type\":\"WebPage\",\"@id\":\"https:\/\/nestor.agencer2.com\/en\/aventure-nestor\/nos-partenaires\/\",\"url\":\"https:\/\/nestor.agencer2.com\/en\/aventure-nestor\/nos-partenaires\/\",\"name\":\"Nestor | Our partners\",\"isPartOf\":{\"@id\":\"https:\/\/nestor.agencer2.com\/#website\"},\"primaryImageOfPage\":{\"@id\":\"https:\/\/nestor.agencer2.com\/en\/aventure-nestor\/nos-partenaires\/#primaryimage\"},\"image\":{\"@id\":\"https:\/\/nestor.agencer2.com\/en\/aventure-nestor\/nos-partenaires\/#primaryimage\"},\"thumbnailUrl\":\"https:\/\/nestor.agencer2.com\/app\/uploads\/2021\/11\/partenaires_03.jpg\",\"datePublished\":\"2021-03-11T08:47:41+00:00\",\"dateModified\":\"2022-10-03T18:55:22+00:00\",\"description\":\"Depuis 2014, Nestor Factory est le partenaire r\u00e9gie pour vos tournages, partout en France. D\u00e9couvrez nos 700 r\u00e9f\u00e9rences et nos propres produits innovants.\",\"breadcrumb\":{\"@id\":\"https:\/\/nestor.agencer2.com\/en\/aventure-nestor\/nos-partenaires\/#breadcrumb\"},\"inLanguage\":\"en-US\",\"potentialAction\":[{\"@type\":\"ReadAction\",\"target\":[\"https:\/\/nestor.agencer2.com\/en\/aventure-nestor\/nos-partenaires\/\"]}]},{\"@type\":\"ImageObject\",\"inLanguage\":\"en-US\",\"@id\":\"https:\/\/nestor.agencer2.com\/en\/aventure-nestor\/nos-partenaires\/#primaryimage\",\"url\":\"https:\/\/nestor.agencer2.com\/app\/uploads\/2021\/11\/partenaires_03.jpg\",\"contentUrl\":\"https:\/\/nestor.agencer2.com\/app\/uploads\/2021\/11\/partenaires_03.jpg\",\"width\":1000,\"height\":1000},{\"@type\":\"BreadcrumbList\",\"@id\":\"https:\/\/nestor.agencer2.com\/en\/aventure-nestor\/nos-partenaires\/#breadcrumb\",\"itemListElement\":[{\"@type\":\"ListItem\",\"position\":1,\"name\":\"Accueil\",\"item\":\"https:\/\/nestor.agencer2.com\/en\/\"},{\"@type\":\"ListItem\",\"position\":2,\"name\":\"Our story\",\"item\":\"https:\/\/nestor.agencer2.com\/en\/aventure-nestor\/\"},{\"@type\":\"ListItem\",\"position\":3,\"name\":\"Our partners\"}]},{\"@type\":\"WebSite\",\"@id\":\"https:\/\/nestor.agencer2.com\/#website\",\"url\":\"https:\/\/nestor.agencer2.com\/\",\"name\":\"Nestor\",\"description\":\"Nestor Factory - Conception &amp; location de mat\u00e9riel r\u00e9gie\",\"publisher\":{\"@id\":\"https:\/\/nestor.agencer2.com\/#organization\"},\"potentialAction\":[{\"@type\":\"SearchAction\",\"target\":{\"@type\":\"EntryPoint\",\"urlTemplate\":\"https:\/\/nestor.agencer2.com\/?s={search_term_string}\"},\"query-input\":{\"@type\":\"PropertyValueSpecification\",\"valueRequired\":true,\"valueName\":\"search_term_string\"}}],\"inLanguage\":\"en-US\"},{\"@type\":\"Organization\",\"@id\":\"https:\/\/nestor.agencer2.com\/#organization\",\"name\":\"Nestor Factory\",\"url\":\"https:\/\/nestor.agencer2.com\/\",\"logo\":{\"@type\":\"ImageObject\",\"inLanguage\":\"en-US\",\"@id\":\"https:\/\/nestor.agencer2.com\/#\/schema\/logo\/image\/\",\"url\":\"https:\/\/www.nestorfactory-gdp.r2agency.dev\/app\/uploads\/2021\/07\/Nestor-logo.png\",\"contentUrl\":\"https:\/\/www.nestorfactory-gdp.r2agency.dev\/app\/uploads\/2021\/07\/Nestor-logo.png\",\"width\":419,\"height\":240,\"caption\":\"Nestor Factory\"},\"image\":{\"@id\":\"https:\/\/nestor.agencer2.com\/#\/schema\/logo\/image\/\"}}]}<\/script>\n<!-- \/ Yoast SEO plugin. -->","yoast_head_json":{"title":"Nestor | Our partners","description":"Depuis 2014, Nestor Factory est le partenaire r\u00e9gie pour vos tournages, partout en France. D\u00e9couvrez nos 700 r\u00e9f\u00e9rences et nos propres produits innovants.","robots":{"index":"noindex","follow":"follow","max-snippet":"max-snippet:-1","max-image-preview":"max-image-preview:large","max-video-preview":"max-video-preview:-1"},"og_locale":"en_US","og_type":"article","og_title":"Nestor | Our partners","og_description":"Depuis 2014, Nestor Factory est le partenaire r\u00e9gie pour vos tournages, partout en France. D\u00e9couvrez nos 700 r\u00e9f\u00e9rences et nos propres produits innovants.","og_url":"https:\/\/nestor.agencer2.com\/en\/aventure-nestor\/nos-partenaires\/","og_site_name":"Nestor","article_modified_time":"2022-10-03T18:55:22+00:00","og_image":[{"width":1000,"height":1000,"url":"https:\/\/nestor.agencer2.com\/app\/uploads\/2021\/11\/partenaires_03.jpg","type":"image\/jpeg"}],"twitter_card":"summary_large_image","schema":{"@context":"https:\/\/schema.org","@graph":[{"@type":"WebPage","@id":"https:\/\/nestor.agencer2.com\/en\/aventure-nestor\/nos-partenaires\/","url":"https:\/\/nestor.agencer2.com\/en\/aventure-nestor\/nos-partenaires\/","name":"Nestor | Our partners","isPartOf":{"@id":"https:\/\/nestor.agencer2.com\/#website"},"primaryImageOfPage":{"@id":"https:\/\/nestor.agencer2.com\/en\/aventure-nestor\/nos-partenaires\/#primaryimage"},"image":{"@id":"https:\/\/nestor.agencer2.com\/en\/aventure-nestor\/nos-partenaires\/#primaryimage"},"thumbnailUrl":"https:\/\/nestor.agencer2.com\/app\/uploads\/2021\/11\/partenaires_03.jpg","datePublished":"2021-03-11T08:47:41+00:00","dateModified":"2022-10-03T18:55:22+00:00","description":"Depuis 2014, Nestor Factory est le partenaire r\u00e9gie pour vos tournages, partout en France. D\u00e9couvrez nos 700 r\u00e9f\u00e9rences et nos propres produits innovants.","breadcrumb":{"@id":"https:\/\/nestor.agencer2.com\/en\/aventure-nestor\/nos-partenaires\/#breadcrumb"},"inLanguage":"en-US","potentialAction":[{"@type":"ReadAction","target":["https:\/\/nestor.agencer2.com\/en\/aventure-nestor\/nos-partenaires\/"]}]},{"@type":"ImageObject","inLanguage":"en-US","@id":"https:\/\/nestor.agencer2.com\/en\/aventure-nestor\/nos-partenaires\/#primaryimage","url":"https:\/\/nestor.agencer2.com\/app\/uploads\/2021\/11\/partenaires_03.jpg","contentUrl":"https:\/\/nestor.agencer2.com\/app\/uploads\/2021\/11\/partenaires_03.jpg","width":1000,"height":1000},{"@type":"BreadcrumbList","@id":"https:\/\/nestor.agencer2.com\/en\/aventure-nestor\/nos-partenaires\/#breadcrumb","itemListElement":[{"@type":"ListItem","position":1,"name":"Accueil","item":"https:\/\/nestor.agencer2.com\/en\/"},{"@type":"ListItem","position":2,"name":"Our story","item":"https:\/\/nestor.agencer2.com\/en\/aventure-nestor\/"},{"@type":"ListItem","position":3,"name":"Our partners"}]},{"@type":"WebSite","@id":"https:\/\/nestor.agencer2.com\/#website","url":"https:\/\/nestor.agencer2.com\/","name":"Nestor","description":"Nestor Factory - Conception &amp; location de mat\u00e9riel r\u00e9gie","publisher":{"@id":"https:\/\/nestor.agencer2.com\/#organization"},"potentialAction":[{"@type":"SearchAction","target":{"@type":"EntryPoint","urlTemplate":"https:\/\/nestor.agencer2.com\/?s={search_term_string}"},"query-input":{"@type":"PropertyValueSpecification","valueRequired":true,"valueName":"search_term_string"}}],"inLanguage":"en-US"},{"@type":"Organization","@id":"https:\/\/nestor.agencer2.com\/#organization","name":"Nestor Factory","url":"https:\/\/nestor.agencer2.com\/","logo":{"@type":"ImageObject","inLanguage":"en-US","@id":"https:\/\/nestor.agencer2.com\/#\/schema\/logo\/image\/","url":"https:\/\/www.nestorfactory-gdp.r2agency.dev\/app\/uploads\/2021\/07\/Nestor-logo.png","contentUrl":"https:\/\/www.nestorfactory-gdp.r2agency.dev\/app\/uploads\/2021\/07\/Nestor-logo.png","width":419,"height":240,"caption":"Nestor Factory"},"image":{"@id":"https:\/\/nestor.agencer2.com\/#\/schema\/logo\/image\/"}}]}},"_links":{"self":[{"href":"https:\/\/nestor.agencer2.com\/en\/wp-json\/wp\/v2\/pages\/12244","targetHints":{"allow":["GET"]}}],"collection":[{"href":"https:\/\/nestor.agencer2.com\/en\/wp-json\/wp\/v2\/pages"}],"about":[{"href":"https:\/\/nestor.agencer2.com\/en\/wp-json\/wp\/v2\/types\/page"}],"author":[{"embeddable":true,"href":"https:\/\/nestor.agencer2.com\/en\/wp-json\/wp\/v2\/users\/1"}],"replies":[{"embeddable":true,"href":"https:\/\/nestor.agencer2.com\/en\/wp-json\/wp\/v2\/comments?post=12244"}],"version-history":[{"count":1,"href":"https:\/\/nestor.agencer2.com\/en\/wp-json\/wp\/v2\/pages\/12244\/revisions"}],"predecessor-version":[{"id":12245,"href":"https:\/\/nestor.agencer2.com\/en\/wp-json\/wp\/v2\/pages\/12244\/revisions\/12245"}],"up":[{"embeddable":true,"href":"https:\/\/nestor.agencer2.com\/en\/wp-json\/wp\/v2\/pages\/12231"}],"wp:featuredmedia":[{"embeddable":true,"href":"https:\/\/nestor.agencer2.com\/en\/wp-json\/wp\/v2\/media\/7639"}],"wp:attachment":[{"href":"https:\/\/nestor.agencer2.com\/en\/wp-json\/wp\/v2\/media?parent=12244"}],"curies":[{"name":"wp","href":"https:\/\/api.w.org\/{rel}","templated":true}]}}