{"id":12474,"date":"2021-10-18T09:21:47","date_gmt":"2021-10-18T09:21:47","guid":{"rendered":"https:\/\/www.nestorfactory-gdp.r2agency.dev\/product\/glace-maquillage-murale-v4\/"},"modified":"2025-05-23T12:03:17","modified_gmt":"2025-05-23T12:03:17","slug":"wall-makeup-mirror-v4","status":"publish","type":"product","link":"https:\/\/nestor.agencer2.com\/en\/product\/wall-makeup-mirror-v4\/","title":{"rendered":"Wall Makeup Mirror"},"content":{"rendered":"<p><span style=\"font-family: 'Helvetica';\">TAILLE\u00a0: \u2028Dimensions ext\u00e9rieures 80x80cm avec miroir extra-clair de 71x71cm\u2028Dimensions du contr\u00f4leur\u00a0: 37 x 9 x 7 (Largeur \/ Hauteur \/ Profondeur) (celui-ci peut, si besoin, \u00eatre d\u00e9port\u00e9)\u2028\u2028FIXATION\u00a0: \u2028Equerre de fixation, dans le cas o\u00f9 la glace peut \u00eatre amen\u00e9e \u00e0 \u00eatre d\u00e9plac\u00e9e\u2028Vis de fixation sur le derri\u00e8re, dans le cas o\u00f9 la glace ne vas pas bouger<\/span><\/p>\n<p>FICHE TECHNIQUE\u00a0: \u2028La nouvelle version est noire (peinture mat epoxy) et dispose d&#8217;un contr\u00f4leur num\u00e9rique qui affiche la temp\u00e9rature de couleur et la puissance.\u2028Eclairage LED sur les 4 c\u00f4t\u00e9s avec diffusion douce, la partie inf\u00e9rieure est contr\u00f4lable ind\u00e9pendamment gr\u00e2ce \u00e0 un petit interrupteur.\u2028Utilisation ultra-simple : 2 boutons rotatifs, le premier sert \u00e0 contr\u00f4ler la temp\u00e9rature (de 3200\u00b0 k \u00e0 5600\u00b0 K avec un pas de 50\u00b0K) et l&#8217;intensit\u00e9 (de 0% \u00e0 100% tout les 1%)\u2028IRC (indice de rendu des couleurs) de 96%, qui garantit une lumi\u00e8re pure, sans dominante color\u00e9e\u2028Consommation max de 130W\u2028Deux chargeurs USB \u2028Fixation facile gr\u00e2ce \u00e0 des \u00e9querres sur-mesure (ou par des vis \u00e0 l&#8217;arri\u00e8re du miroir)\u2028Et \u00e9videmment cette glace est enti\u00e8rement con\u00e7ue et assembl\u00e9e chez nous !\u2028Qualit\u00e9 Nestor, on a \u00e9quip\u00e9 une dizaine de car-loges en France\u2028Le prix catalogue est de 1200\u20ac HT avec 2 ans de garantie.<span style=\"font-family: 'Times New Roman';\"><br \/>\n<\/span><\/p>\n","protected":false},"excerpt":{"rendered":"Intended for permanent installations, this model with a matt-black finish provides a single panel with generous dimensions (80&#215;80 cm). Its thinness and weight make it easy to install in dressing rooms and even in the tightest of spaces. \rThe LED light strip provides illumination around the entire contour of the mirror, the lower part lights up independently with a switch, allowing you to adjust the light according to your needs.\rThe custom-made control allows for precise adjustments to the light intensity and its temperature: from 2700 to 6100 K.\rThe Wall mirror is equipped with a 2-port USB charger to charge your devices.\r","protected":false},"featured_media":20587,"template":"","meta":{"_acf_changed":false,"inline_featured_image":false},"product_brand":[],"product_cat":[302,303,266],"product_tag":[],"class_list":{"0":"post-12474","1":"product","2":"type-product","3":"status-publish","4":"has-post-thumbnail","6":"product_cat-innovations-en","7":"product_cat-sale","8":"product_cat-hmu-wardrobe","10":"first","11":"instock","12":"taxable","13":"shipping-taxable","14":"purchasable","15":"product-type-simple"},"acf":[],"yoast_head":"<!-- This site is optimized with the Yoast SEO plugin v25.2 - https:\/\/yoast.com\/wordpress\/plugins\/seo\/ -->\n<title>Wall Makeup Mirror I Location\/Vente pour Tournage Cin\u00e9ma I Paris &amp; France<\/title>\n<meta name=\"description\" content=\"Location\/Vente I Wall Makeup Mirror I Depuis 2014, Nestor Factory est le partenaire r\u00e9gie pour vos tournages, partout en France.\" \/>\n<meta name=\"robots\" content=\"noindex, follow, max-snippet:-1, max-image-preview:large, max-video-preview:-1\" \/>\n<meta property=\"og:locale\" content=\"en_US\" \/>\n<meta property=\"og:type\" content=\"article\" \/>\n<meta property=\"og:title\" content=\"Wall Makeup Mirror I Location\/Vente pour Tournage Cin\u00e9ma I Paris &amp; France\" \/>\n<meta property=\"og:description\" content=\"Location\/Vente I Wall Makeup Mirror I Depuis 2014, Nestor Factory est le partenaire r\u00e9gie pour vos tournages, partout en France.\" \/>\n<meta property=\"og:url\" content=\"https:\/\/nestor.agencer2.com\/produit\/glace-maquillage-wall\/\" \/>\n<meta property=\"og:site_name\" content=\"Nestor\" \/>\n<meta property=\"article:modified_time\" content=\"2025-05-23T12:03:17+00:00\" \/>\n<meta property=\"og:image\" content=\"https:\/\/nestor.agencer2.com\/app\/uploads\/2021\/10\/GM-wall.png\" \/>\n\t<meta property=\"og:image:width\" content=\"1000\" \/>\n\t<meta property=\"og:image:height\" content=\"1000\" \/>\n\t<meta property=\"og:image:type\" content=\"image\/png\" \/>\n<meta name=\"twitter:card\" content=\"summary_large_image\" \/>\n<script type=\"application\/ld+json\" class=\"yoast-schema-graph\">{\"@context\":\"https:\/\/schema.org\",\"@graph\":[{\"@type\":\"WebPage\",\"@id\":\"https:\/\/nestor.agencer2.com\/produit\/glace-maquillage-wall\/\",\"url\":\"https:\/\/nestor.agencer2.com\/produit\/glace-maquillage-wall\/\",\"name\":\"Wall Makeup Mirror I Location\/Vente pour Tournage Cin\u00e9ma I Paris & France\",\"isPartOf\":{\"@id\":\"https:\/\/nestor.agencer2.com\/#website\"},\"primaryImageOfPage\":{\"@id\":\"https:\/\/nestor.agencer2.com\/produit\/glace-maquillage-wall\/#primaryimage\"},\"image\":{\"@id\":\"https:\/\/nestor.agencer2.com\/produit\/glace-maquillage-wall\/#primaryimage\"},\"thumbnailUrl\":\"https:\/\/nestor.agencer2.com\/app\/uploads\/2021\/10\/GM-wall.png\",\"datePublished\":\"2021-10-18T09:21:47+00:00\",\"dateModified\":\"2025-05-23T12:03:17+00:00\",\"description\":\"Location\/Vente I Wall Makeup Mirror I Depuis 2014, Nestor Factory est le partenaire r\u00e9gie pour vos tournages, partout en France.\",\"breadcrumb\":{\"@id\":\"https:\/\/nestor.agencer2.com\/produit\/glace-maquillage-wall\/#breadcrumb\"},\"inLanguage\":\"en-US\",\"potentialAction\":[{\"@type\":\"ReadAction\",\"target\":[\"https:\/\/nestor.agencer2.com\/produit\/glace-maquillage-wall\/\"]}]},{\"@type\":\"ImageObject\",\"inLanguage\":\"en-US\",\"@id\":\"https:\/\/nestor.agencer2.com\/produit\/glace-maquillage-wall\/#primaryimage\",\"url\":\"https:\/\/nestor.agencer2.com\/app\/uploads\/2021\/10\/GM-wall.png\",\"contentUrl\":\"https:\/\/nestor.agencer2.com\/app\/uploads\/2021\/10\/GM-wall.png\",\"width\":1000,\"height\":1000},{\"@type\":\"BreadcrumbList\",\"@id\":\"https:\/\/nestor.agencer2.com\/produit\/glace-maquillage-wall\/#breadcrumb\",\"itemListElement\":[{\"@type\":\"ListItem\",\"position\":1,\"name\":\"Accueil\",\"item\":\"https:\/\/nestor.agencer2.com\/en\/\"},{\"@type\":\"ListItem\",\"position\":2,\"name\":\"Shop\",\"item\":\"https:\/\/nestor.agencer2.com\/en\/shop-2\/\"},{\"@type\":\"ListItem\",\"position\":3,\"name\":\"Innovations\",\"item\":\"https:\/\/nestor.agencer2.com\/categorie-produit\/innovations\/\"},{\"@type\":\"ListItem\",\"position\":4,\"name\":\"Wall Makeup Mirror\"}]},{\"@type\":\"WebSite\",\"@id\":\"https:\/\/nestor.agencer2.com\/#website\",\"url\":\"https:\/\/nestor.agencer2.com\/\",\"name\":\"Nestor\",\"description\":\"Nestor Factory - Conception &amp; location de mat\u00e9riel r\u00e9gie\",\"publisher\":{\"@id\":\"https:\/\/nestor.agencer2.com\/#organization\"},\"potentialAction\":[{\"@type\":\"SearchAction\",\"target\":{\"@type\":\"EntryPoint\",\"urlTemplate\":\"https:\/\/nestor.agencer2.com\/?s={search_term_string}\"},\"query-input\":{\"@type\":\"PropertyValueSpecification\",\"valueRequired\":true,\"valueName\":\"search_term_string\"}}],\"inLanguage\":\"en-US\"},{\"@type\":\"Organization\",\"@id\":\"https:\/\/nestor.agencer2.com\/#organization\",\"name\":\"Nestor Factory\",\"url\":\"https:\/\/nestor.agencer2.com\/\",\"logo\":{\"@type\":\"ImageObject\",\"inLanguage\":\"en-US\",\"@id\":\"https:\/\/nestor.agencer2.com\/#\/schema\/logo\/image\/\",\"url\":\"https:\/\/www.nestorfactory-gdp.r2agency.dev\/app\/uploads\/2021\/07\/Nestor-logo.png\",\"contentUrl\":\"https:\/\/www.nestorfactory-gdp.r2agency.dev\/app\/uploads\/2021\/07\/Nestor-logo.png\",\"width\":419,\"height\":240,\"caption\":\"Nestor Factory\"},\"image\":{\"@id\":\"https:\/\/nestor.agencer2.com\/#\/schema\/logo\/image\/\"}}]}<\/script>\n<!-- \/ Yoast SEO plugin. -->","yoast_head_json":{"title":"Wall Makeup Mirror I Location\/Vente pour Tournage Cin\u00e9ma I Paris & France","description":"Location\/Vente I Wall Makeup Mirror I Depuis 2014, Nestor Factory est le partenaire r\u00e9gie pour vos tournages, partout en France.","robots":{"index":"noindex","follow":"follow","max-snippet":"max-snippet:-1","max-image-preview":"max-image-preview:large","max-video-preview":"max-video-preview:-1"},"og_locale":"en_US","og_type":"article","og_title":"Wall Makeup Mirror I Location\/Vente pour Tournage Cin\u00e9ma I Paris & France","og_description":"Location\/Vente I Wall Makeup Mirror I Depuis 2014, Nestor Factory est le partenaire r\u00e9gie pour vos tournages, partout en France.","og_url":"https:\/\/nestor.agencer2.com\/produit\/glace-maquillage-wall\/","og_site_name":"Nestor","article_modified_time":"2025-05-23T12:03:17+00:00","og_image":[{"width":1000,"height":1000,"url":"https:\/\/nestor.agencer2.com\/app\/uploads\/2021\/10\/GM-wall.png","type":"image\/png"}],"twitter_card":"summary_large_image","schema":{"@context":"https:\/\/schema.org","@graph":[{"@type":"WebPage","@id":"https:\/\/nestor.agencer2.com\/produit\/glace-maquillage-wall\/","url":"https:\/\/nestor.agencer2.com\/produit\/glace-maquillage-wall\/","name":"Wall Makeup Mirror I Location\/Vente pour Tournage Cin\u00e9ma I Paris & France","isPartOf":{"@id":"https:\/\/nestor.agencer2.com\/#website"},"primaryImageOfPage":{"@id":"https:\/\/nestor.agencer2.com\/produit\/glace-maquillage-wall\/#primaryimage"},"image":{"@id":"https:\/\/nestor.agencer2.com\/produit\/glace-maquillage-wall\/#primaryimage"},"thumbnailUrl":"https:\/\/nestor.agencer2.com\/app\/uploads\/2021\/10\/GM-wall.png","datePublished":"2021-10-18T09:21:47+00:00","dateModified":"2025-05-23T12:03:17+00:00","description":"Location\/Vente I Wall Makeup Mirror I Depuis 2014, Nestor Factory est le partenaire r\u00e9gie pour vos tournages, partout en France.","breadcrumb":{"@id":"https:\/\/nestor.agencer2.com\/produit\/glace-maquillage-wall\/#breadcrumb"},"inLanguage":"en-US","potentialAction":[{"@type":"ReadAction","target":["https:\/\/nestor.agencer2.com\/produit\/glace-maquillage-wall\/"]}]},{"@type":"ImageObject","inLanguage":"en-US","@id":"https:\/\/nestor.agencer2.com\/produit\/glace-maquillage-wall\/#primaryimage","url":"https:\/\/nestor.agencer2.com\/app\/uploads\/2021\/10\/GM-wall.png","contentUrl":"https:\/\/nestor.agencer2.com\/app\/uploads\/2021\/10\/GM-wall.png","width":1000,"height":1000},{"@type":"BreadcrumbList","@id":"https:\/\/nestor.agencer2.com\/produit\/glace-maquillage-wall\/#breadcrumb","itemListElement":[{"@type":"ListItem","position":1,"name":"Accueil","item":"https:\/\/nestor.agencer2.com\/en\/"},{"@type":"ListItem","position":2,"name":"Shop","item":"https:\/\/nestor.agencer2.com\/en\/shop-2\/"},{"@type":"ListItem","position":3,"name":"Innovations","item":"https:\/\/nestor.agencer2.com\/categorie-produit\/innovations\/"},{"@type":"ListItem","position":4,"name":"Wall Makeup Mirror"}]},{"@type":"WebSite","@id":"https:\/\/nestor.agencer2.com\/#website","url":"https:\/\/nestor.agencer2.com\/","name":"Nestor","description":"Nestor Factory - Conception &amp; location de mat\u00e9riel r\u00e9gie","publisher":{"@id":"https:\/\/nestor.agencer2.com\/#organization"},"potentialAction":[{"@type":"SearchAction","target":{"@type":"EntryPoint","urlTemplate":"https:\/\/nestor.agencer2.com\/?s={search_term_string}"},"query-input":{"@type":"PropertyValueSpecification","valueRequired":true,"valueName":"search_term_string"}}],"inLanguage":"en-US"},{"@type":"Organization","@id":"https:\/\/nestor.agencer2.com\/#organization","name":"Nestor Factory","url":"https:\/\/nestor.agencer2.com\/","logo":{"@type":"ImageObject","inLanguage":"en-US","@id":"https:\/\/nestor.agencer2.com\/#\/schema\/logo\/image\/","url":"https:\/\/www.nestorfactory-gdp.r2agency.dev\/app\/uploads\/2021\/07\/Nestor-logo.png","contentUrl":"https:\/\/www.nestorfactory-gdp.r2agency.dev\/app\/uploads\/2021\/07\/Nestor-logo.png","width":419,"height":240,"caption":"Nestor Factory"},"image":{"@id":"https:\/\/nestor.agencer2.com\/#\/schema\/logo\/image\/"}}]}},"_links":{"self":[{"href":"https:\/\/nestor.agencer2.com\/en\/wp-json\/wp\/v2\/product\/12474","targetHints":{"allow":["GET"]}}],"collection":[{"href":"https:\/\/nestor.agencer2.com\/en\/wp-json\/wp\/v2\/product"}],"about":[{"href":"https:\/\/nestor.agencer2.com\/en\/wp-json\/wp\/v2\/types\/product"}],"wp:featuredmedia":[{"embeddable":true,"href":"https:\/\/nestor.agencer2.com\/en\/wp-json\/wp\/v2\/media\/20587"}],"wp:attachment":[{"href":"https:\/\/nestor.agencer2.com\/en\/wp-json\/wp\/v2\/media?parent=12474"}],"wp:term":[{"taxonomy":"product_brand","embeddable":true,"href":"https:\/\/nestor.agencer2.com\/en\/wp-json\/wp\/v2\/product_brand?post=12474"},{"taxonomy":"product_cat","embeddable":true,"href":"https:\/\/nestor.agencer2.com\/en\/wp-json\/wp\/v2\/product_cat?post=12474"},{"taxonomy":"product_tag","embeddable":true,"href":"https:\/\/nestor.agencer2.com\/en\/wp-json\/wp\/v2\/product_tag?post=12474"}],"curies":[{"name":"wp","href":"https:\/\/api.w.org\/{rel}","templated":true}]}}